{"id":909,"date":"2025-07-15T11:07:47","date_gmt":"2025-07-15T09:07:47","guid":{"rendered":"https:\/\/sebastianlivigno.lamiademo.it\/wohnung-1\/"},"modified":"2025-09-19T10:54:39","modified_gmt":"2025-09-19T08:54:39","slug":"wohnung-1","status":"publish","type":"page","link":"https:\/\/sebastianlivigno.it\/de\/wohnung-1\/","title":{"rendered":"Wohnung 1"},"content":{"rendered":"","protected":false},"excerpt":{"rendered":"","protected":false},"author":1,"featured_media":0,"parent":0,"menu_order":0,"comment_status":"closed","ping_status":"closed","template":"","meta":{"slim_seo":{"description":"Die k\u00fcrzlich renovierte, ger\u00e4umige Dreizimmerwohnung bietet alle Details f\u00fcr einen erholsamen Urlaub.","title":"Wohnung 1 - Chalet Sebastian Livigno"},"footnotes":""},"class_list":["post-909","page","type-page","status-publish","hentry"],"_links":{"self":[{"href":"https:\/\/sebastianlivigno.it\/de\/wp-json\/wp\/v2\/pages\/909","targetHints":{"allow":["GET"]}}],"collection":[{"href":"https:\/\/sebastianlivigno.it\/de\/wp-json\/wp\/v2\/pages"}],"about":[{"href":"https:\/\/sebastianlivigno.it\/de\/wp-json\/wp\/v2\/types\/page"}],"author":[{"embeddable":true,"href":"https:\/\/sebastianlivigno.it\/de\/wp-json\/wp\/v2\/users\/1"}],"replies":[{"embeddable":true,"href":"https:\/\/sebastianlivigno.it\/de\/wp-json\/wp\/v2\/comments?post=909"}],"version-history":[{"count":0,"href":"https:\/\/sebastianlivigno.it\/de\/wp-json\/wp\/v2\/pages\/909\/revisions"}],"wp:attachment":[{"href":"https:\/\/sebastianlivigno.it\/de\/wp-json\/wp\/v2\/media?parent=909"}],"curies":[{"name":"wp","href":"https:\/\/api.w.org\/{rel}","templated":true}]}}