{"id":868,"date":"2025-08-01T10:58:32","date_gmt":"2025-08-01T08:58:32","guid":{"rendered":"https:\/\/sebastianlivigno.lamiademo.it\/wohnung-4\/"},"modified":"2025-09-19T10:56:05","modified_gmt":"2025-09-19T08:56:05","slug":"wohnung-4","status":"publish","type":"page","link":"https:\/\/sebastianlivigno.it\/de\/wohnung-4\/","title":{"rendered":"Wohnung 4"},"content":{"rendered":"","protected":false},"excerpt":{"rendered":"","protected":false},"author":1,"featured_media":0,"parent":0,"menu_order":0,"comment_status":"closed","ping_status":"closed","template":"","meta":{"slim_seo":{"description":"Die k\u00fcrzlich renovierte, gem\u00fctliche Dreizimmerwohnung verbindet die alpine Atmosph\u00e4re der sichtbaren Holzbalken mit der Helligkeit eines gro\u00dfen Dachfensters.","title":"Wohnung 4 - Chalet Sebastian Livigno"},"footnotes":""},"class_list":["post-868","page","type-page","status-publish","hentry"],"_links":{"self":[{"href":"https:\/\/sebastianlivigno.it\/de\/wp-json\/wp\/v2\/pages\/868","targetHints":{"allow":["GET"]}}],"collection":[{"href":"https:\/\/sebastianlivigno.it\/de\/wp-json\/wp\/v2\/pages"}],"about":[{"href":"https:\/\/sebastianlivigno.it\/de\/wp-json\/wp\/v2\/types\/page"}],"author":[{"embeddable":true,"href":"https:\/\/sebastianlivigno.it\/de\/wp-json\/wp\/v2\/users\/1"}],"replies":[{"embeddable":true,"href":"https:\/\/sebastianlivigno.it\/de\/wp-json\/wp\/v2\/comments?post=868"}],"version-history":[{"count":0,"href":"https:\/\/sebastianlivigno.it\/de\/wp-json\/wp\/v2\/pages\/868\/revisions"}],"wp:attachment":[{"href":"https:\/\/sebastianlivigno.it\/de\/wp-json\/wp\/v2\/media?parent=868"}],"curies":[{"name":"wp","href":"https:\/\/api.w.org\/{rel}","templated":true}]}}