{"id":831,"date":"2025-07-15T11:07:47","date_gmt":"2025-07-15T09:07:47","guid":{"rendered":"https:\/\/sebastianlivigno.lamiademo.it\/haeufig-gestellte-fragen\/"},"modified":"2025-09-19T11:00:08","modified_gmt":"2025-09-19T09:00:08","slug":"haeufig-gestellte-fragen","status":"publish","type":"page","link":"https:\/\/sebastianlivigno.it\/de\/haeufig-gestellte-fragen\/","title":{"rendered":"H\u00e4ufig gestellte Fragen"},"content":{"rendered":"","protected":false},"excerpt":{"rendered":"","protected":false},"author":1,"featured_media":0,"parent":0,"menu_order":0,"comment_status":"closed","ping_status":"closed","template":"","meta":{"slim_seo":{"description":"Die Antworten auf die h\u00e4ufigsten Zweifel unserer G\u00e4ste.","title":"H\u00e4ufig gestellte Fragen - Chalet Sebastian Livigno"},"footnotes":""},"class_list":["post-831","page","type-page","status-publish","hentry"],"_links":{"self":[{"href":"https:\/\/sebastianlivigno.it\/de\/wp-json\/wp\/v2\/pages\/831","targetHints":{"allow":["GET"]}}],"collection":[{"href":"https:\/\/sebastianlivigno.it\/de\/wp-json\/wp\/v2\/pages"}],"about":[{"href":"https:\/\/sebastianlivigno.it\/de\/wp-json\/wp\/v2\/types\/page"}],"author":[{"embeddable":true,"href":"https:\/\/sebastianlivigno.it\/de\/wp-json\/wp\/v2\/users\/1"}],"replies":[{"embeddable":true,"href":"https:\/\/sebastianlivigno.it\/de\/wp-json\/wp\/v2\/comments?post=831"}],"version-history":[{"count":0,"href":"https:\/\/sebastianlivigno.it\/de\/wp-json\/wp\/v2\/pages\/831\/revisions"}],"wp:attachment":[{"href":"https:\/\/sebastianlivigno.it\/de\/wp-json\/wp\/v2\/media?parent=831"}],"curies":[{"name":"wp","href":"https:\/\/api.w.org\/{rel}","templated":true}]}}